{"id":3808,"date":"2021-12-13T22:14:58","date_gmt":"2021-12-14T01:14:58","guid":{"rendered":"https:\/\/www.tercaria.com.br\/?page_id=3808"},"modified":"2021-12-25T12:01:07","modified_gmt":"2021-12-25T15:01:07","slug":"inicio2","status":"publish","type":"page","link":"https:\/\/www.tercaria.com.br\/","title":{"rendered":"P\u00e1gina principal"},"content":{"rendered":"<p>[vc_row][vc_column][vc_empty_space height=&#8221;1em&#8221;]<div class=\"sc_promo margin_top_huge margin_bottom_huge sc_promo_size_large\" data-animation=\"animated  normal\"><div class=\"sc_promo_inner\"><div class=\"sc_promo_image\" style=\"background-image:url(https:\/\/www.tercaria.com.br\/wp-content\/uploads\/2021\/12\/oquefazemos3.jpg);width:65%;right: 0;\"><\/div><div class=\"sc_promo_block sc_align_left\" style=\"width: 35%; float: left;\"><div class=\"sc_promo_block_inner\"><h2 class=\"sc_promo_title sc_item_title sc_item_title_without_descr\">Quem somos<\/h2><div class=\"sc_promo_descr sc_item_descr\"><\/p>\n<h4>Media\u00e7\u00e3o \u00e9 o nosso forte!<\/h4>\n<p>Ter\u00e7\u00e1ria, derivada de ter\u00e7aria (portugu\u00eas europeu) = media\u00e7\u00e3o.<\/p>\n<p>O acento \u00e9 uma licen\u00e7a po\u00e9tica para derivarmos o nome.<\/p>\n<p>Orientamos, planejamos e criamos cursos EaD, especialmente no ambiente Moodle.<\/p>\n<p>Oferecemos forma\u00e7\u00e3o docente para uso de tecnologias digitais.<\/p>\n<p>Criamos e-book.<\/p>\n<p>Com os nossos parceiros, ofertamos capacita\u00e7\u00e3o docente para avalia\u00e7\u00e3o por rubrica.<\/p>\n<p>Oferecemos cursos EaD pr\u00f3prios e de parceiros.<\/div><\/div><\/div><\/div><\/div>[vc_empty_space height=&#8221;1em&#8221;]<h2 class=\"sc_title sc_title_regular\" data-animation=\"animated  normal\"><span style=\"color: #12155a;\">LIVROS PUBLICADOS<\/span><\/h2>[vc_basic_grid post_type=&#8221;post&#8221; max_items=&#8221;10&#8243; grid_id=&#8221;vc_gid:1640444448665-7ce93864-2821-5&#8243; taxonomies=&#8221;77&#8243;][\/vc_column][\/vc_row][vc_row][vc_column]<h1 class=\"sc_title sc_title_regular\" data-animation=\"animated  normal\">PARCEIROS<\/h1>[vc_basic_grid post_type=&#8221;team&#8221; max_items=&#8221;10&#8243; grid_id=&#8221;vc_gid:1640444448666-a1bcab8e-8cd3-1&#8243;][\/vc_column][\/vc_row][vc_row][vc_column]<h1 class=\"sc_title sc_title_regular\" data-animation=\"animated  normal\">EVENTOS<\/h1>[vc_basic_grid post_type=&#8221;tribe_events&#8221; max_items=&#8221;10&#8243; grid_id=&#8221;vc_gid:1640444448667-7504ac98-6e6b-8&#8243;][\/vc_column][\/vc_row]<\/p>\n","protected":false},"excerpt":{"rendered":"<p>[vc_row][vc_column][vc_empty_space height=&#8221;1em&#8221;][vc_empty_space height=&#8221;1em&#8221;][vc_basic_grid post_type=&#8221;post&#8221; max_items=&#8221;10&#8243; grid_id=&#8221;vc_gid:1640444448665-7ce93864-2821-5&#8243; taxonomies=&#8221;77&#8243;][\/vc_column][\/vc_row][vc_row][vc_column][vc_basic_grid post_type=&#8221;team&#8221; max_items=&#8221;10&#8243; grid_id=&#8221;vc_gid:1640444448666-a1bcab8e-8cd3-1&#8243;][\/vc_column][\/vc_row][vc_row][vc_column][vc_basic_grid post_type=&#8221;tribe_events&#8221; max_items=&#8221;10&#8243; grid_id=&#8221;vc_gid:1640444448667-7504ac98-6e6b-8&#8243;][\/vc_column][\/vc_row]<\/p>\n","protected":false},"author":990002,"featured_media":0,"parent":0,"menu_order":0,"comment_status":"closed","ping_status":"closed","template":"","meta":[],"_links":{"self":[{"href":"https:\/\/www.tercaria.com.br\/index.php?rest_route=\/wp\/v2\/pages\/3808"}],"collection":[{"href":"https:\/\/www.tercaria.com.br\/index.php?rest_route=\/wp\/v2\/pages"}],"about":[{"href":"https:\/\/www.tercaria.com.br\/index.php?rest_route=\/wp\/v2\/types\/page"}],"author":[{"embeddable":true,"href":"https:\/\/www.tercaria.com.br\/index.php?rest_route=\/wp\/v2\/users\/990002"}],"replies":[{"embeddable":true,"href":"https:\/\/www.tercaria.com.br\/index.php?rest_route=%2Fwp%2Fv2%2Fcomments&post=3808"}],"version-history":[{"count":30,"href":"https:\/\/www.tercaria.com.br\/index.php?rest_route=\/wp\/v2\/pages\/3808\/revisions"}],"predecessor-version":[{"id":3884,"href":"https:\/\/www.tercaria.com.br\/index.php?rest_route=\/wp\/v2\/pages\/3808\/revisions\/3884"}],"wp:attachment":[{"href":"https:\/\/www.tercaria.com.br\/index.php?rest_route=%2Fwp%2Fv2%2Fmedia&parent=3808"}],"curies":[{"name":"wp","href":"https:\/\/api.w.org\/{rel}","templated":true}]}}